{"id":385,"date":"2023-09-01T18:21:50","date_gmt":"2023-09-01T18:21:50","guid":{"rendered":"https:\/\/flipflop.portifoliodomarcelo.com.br\/?page_id=139"},"modified":"2023-11-22T11:56:41","modified_gmt":"2023-11-22T14:56:41","slug":"servicos","status":"publish","type":"page","link":"https:\/\/flipflopmarcas.com.br\/?page_id=385","title":{"rendered":"Servi\u00e7os"},"content":{"rendered":"\t\t<div data-elementor-type=\"wp-page\" data-elementor-id=\"385\" class=\"elementor elementor-385\" data-elementor-post-type=\"page\">\n\t\t\t\t<div class=\"elementor-element elementor-element-f11faa4 e-con-full e-flex e-con e-parent\" data-id=\"f11faa4\" data-element_type=\"container\" data-settings=\"{&quot;background_background&quot;:&quot;classic&quot;}\">\n\t\t\t\t<div class=\"elementor-element elementor-element-4d4b65e elementor-widget elementor-widget-text-editor\" data-id=\"4d4b65e\" data-element_type=\"widget\" data-widget_type=\"text-editor.default\">\n\t\t\t\t<div class=\"elementor-widget-container\">\n\t\t\t\t\t\t\t\t\t<p>FLIP FLOP MARCAS<\/p>\t\t\t\t\t\t\t\t<\/div>\n\t\t\t\t<\/div>\n\t\t\t\t<div class=\"elementor-element elementor-element-738b919 elementor-widget elementor-widget-heading\" data-id=\"738b919\" data-element_type=\"widget\" data-widget_type=\"heading.default\">\n\t\t\t\t<div class=\"elementor-widget-container\">\n\t\t\t\t\t<h1 class=\"elementor-heading-title elementor-size-default\">Servi\u00e7os<\/h1>\t\t\t\t<\/div>\n\t\t\t\t<\/div>\n\t\t\t\t<\/div>\n\t\t<div class=\"elementor-element elementor-element-74ae7a9 e-flex e-con-boxed e-con e-parent\" data-id=\"74ae7a9\" data-element_type=\"container\" data-settings=\"{&quot;background_background&quot;:&quot;classic&quot;}\">\n\t\t\t\t\t<div class=\"e-con-inner\">\n\t\t<div class=\"elementor-element elementor-element-0637ca5 e-flex e-con-boxed e-con e-child\" data-id=\"0637ca5\" data-element_type=\"container\">\n\t\t\t\t\t<div class=\"e-con-inner\">\n\t\t\t\t<div class=\"elementor-element elementor-element-0ebfb59 elementor-widget elementor-widget-heading\" data-id=\"0ebfb59\" data-element_type=\"widget\" data-widget_type=\"heading.default\">\n\t\t\t\t<div class=\"elementor-widget-container\">\n\t\t\t\t\t<h2 class=\"elementor-heading-title elementor-size-default\">Registro de\nMarcas no INPI<\/h2>\t\t\t\t<\/div>\n\t\t\t\t<\/div>\n\t\t\t\t<div class=\"elementor-element elementor-element-ca61094 elementor-widget elementor-widget-text-editor\" data-id=\"ca61094\" data-element_type=\"widget\" data-widget_type=\"text-editor.default\">\n\t\t\t\t<div class=\"elementor-widget-container\">\n\t\t\t\t\t\t\t\t\t<p>O registro de marcas no INPI \u00e9 a prote\u00e7\u00e3o legal de s\u00edmbolos que identificam produtos ou servi\u00e7os, prevenindo uso n\u00e3o autorizado e garantindo exclusividade.<\/p>\t\t\t\t\t\t\t\t<\/div>\n\t\t\t\t<\/div>\n\t\t\t\t\t<\/div>\n\t\t\t\t<\/div>\n\t\t<div class=\"elementor-element elementor-element-ec39e33 e-flex e-con-boxed e-con e-child\" data-id=\"ec39e33\" data-element_type=\"container\">\n\t\t\t\t\t<div class=\"e-con-inner\">\n\t\t\t\t<div class=\"elementor-element elementor-element-75671c0 elementor-widget elementor-widget-image\" data-id=\"75671c0\" data-element_type=\"widget\" data-widget_type=\"image.default\">\n\t\t\t\t<div class=\"elementor-widget-container\">\n\t\t\t\t\t\t\t\t\t\t\t\t\t\t\t<img decoding=\"async\" width=\"286\" height=\"61\" src=\"https:\/\/flipflopmarcas.com.br\/wp-content\/uploads\/2023\/09\/inpilogo.png\" class=\"attachment-large size-large wp-image-147\" alt=\"\" \/>\t\t\t\t\t\t\t\t\t\t\t\t\t\t\t<\/div>\n\t\t\t\t<\/div>\n\t\t\t\t\t<\/div>\n\t\t\t\t<\/div>\n\t\t\t\t\t<\/div>\n\t\t\t\t<\/div>\n\t\t<div class=\"elementor-element elementor-element-722a56b e-flex e-con-boxed e-con e-parent\" data-id=\"722a56b\" data-element_type=\"container\" data-settings=\"{&quot;background_background&quot;:&quot;classic&quot;}\">\n\t\t\t\t\t<div class=\"e-con-inner\">\n\t\t<div class=\"elementor-element elementor-element-d846319 e-flex e-con-boxed e-con e-child\" data-id=\"d846319\" data-element_type=\"container\">\n\t\t\t\t\t<div class=\"e-con-inner\">\n\t\t\t\t<div class=\"elementor-element elementor-element-cdf4c8b elementor-widget elementor-widget-heading\" data-id=\"cdf4c8b\" data-element_type=\"widget\" data-widget_type=\"heading.default\">\n\t\t\t\t<div class=\"elementor-widget-container\">\n\t\t\t\t\t<h2 class=\"elementor-heading-title elementor-size-default\">Sobre nosso servi\u00e7o<\/h2>\t\t\t\t<\/div>\n\t\t\t\t<\/div>\n\t\t\t\t<div class=\"elementor-element elementor-element-c8a1be9 elementor-widget elementor-widget-text-editor\" data-id=\"c8a1be9\" data-element_type=\"widget\" data-widget_type=\"text-editor.default\">\n\t\t\t\t<div class=\"elementor-widget-container\">\n\t\t\t\t\t\t\t\t\t<p>Nome, express\u00e3o, forma gr\u00e1fica, que individualiza e identifica uma empresa, um produto ou uma linha de produtos. A marca s\u00f3 atribui a si um valor real desde que registrada no INPI (Instituto Nacional da Propriedade Industrial), o que lhe garante exclusividade e prote\u00e7\u00e3o.<br \/>S\u00e3o 4 tipos de marcas que s\u00e3o registr\u00e1veis no INPI:<\/p>\t\t\t\t\t\t\t\t<\/div>\n\t\t\t\t<\/div>\n\t\t\t\t<div class=\"elementor-element elementor-element-b770925 elementor-widget elementor-widget-heading\" data-id=\"b770925\" data-element_type=\"widget\" data-widget_type=\"heading.default\">\n\t\t\t\t<div class=\"elementor-widget-container\">\n\t\t\t\t\t<h5 class=\"elementor-heading-title elementor-size-default\">Marca Nominativa<\/h5>\t\t\t\t<\/div>\n\t\t\t\t<\/div>\n\t\t\t\t<div class=\"elementor-element elementor-element-b771436 elementor-widget elementor-widget-text-editor\" data-id=\"b771436\" data-element_type=\"widget\" data-widget_type=\"text-editor.default\">\n\t\t\t\t<div class=\"elementor-widget-container\">\n\t\t\t\t\t\t\t\t\t<p>Constitu\u00edda apenas pelo nome (combina\u00e7\u00e3o de letras e\/ou algarismos) em caracteres de imprensa normal, sem forma figurativa.<\/p>\t\t\t\t\t\t\t\t<\/div>\n\t\t\t\t<\/div>\n\t\t\t\t<div class=\"elementor-element elementor-element-6100b6f elementor-widget elementor-widget-heading\" data-id=\"6100b6f\" data-element_type=\"widget\" data-widget_type=\"heading.default\">\n\t\t\t\t<div class=\"elementor-widget-container\">\n\t\t\t\t\t<h5 class=\"elementor-heading-title elementor-size-default\">Marca Figurativa<\/h5>\t\t\t\t<\/div>\n\t\t\t\t<\/div>\n\t\t\t\t<div class=\"elementor-element elementor-element-175c6d9 elementor-widget elementor-widget-text-editor\" data-id=\"175c6d9\" data-element_type=\"widget\" data-widget_type=\"text-editor.default\">\n\t\t\t\t<div class=\"elementor-widget-container\">\n\t\t\t\t\t\t\t\t\t<p>Constitu\u00edda apenas pela figura, desenho ou s\u00edmbolo fantasia.<\/p>\t\t\t\t\t\t\t\t<\/div>\n\t\t\t\t<\/div>\n\t\t\t\t<div class=\"elementor-element elementor-element-9b91c6f elementor-widget elementor-widget-heading\" data-id=\"9b91c6f\" data-element_type=\"widget\" data-widget_type=\"heading.default\">\n\t\t\t\t<div class=\"elementor-widget-container\">\n\t\t\t\t\t<h5 class=\"elementor-heading-title elementor-size-default\">Marca Mista<\/h5>\t\t\t\t<\/div>\n\t\t\t\t<\/div>\n\t\t\t\t<div class=\"elementor-element elementor-element-1e7c652 elementor-widget elementor-widget-text-editor\" data-id=\"1e7c652\" data-element_type=\"widget\" data-widget_type=\"text-editor.default\">\n\t\t\t\t<div class=\"elementor-widget-container\">\n\t\t\t\t\t\t\t\t\t<p>Constitu\u00edda pelo nome agregado \u00e0 figura (nominativa e figurativa) ou pelo nome com grafia estilizada.<\/p>\t\t\t\t\t\t\t\t<\/div>\n\t\t\t\t<\/div>\n\t\t\t\t<div class=\"elementor-element elementor-element-65dfe04 elementor-widget elementor-widget-heading\" data-id=\"65dfe04\" data-element_type=\"widget\" data-widget_type=\"heading.default\">\n\t\t\t\t<div class=\"elementor-widget-container\">\n\t\t\t\t\t<h5 class=\"elementor-heading-title elementor-size-default\">Marca Tridimensional<\/h5>\t\t\t\t<\/div>\n\t\t\t\t<\/div>\n\t\t\t\t<div class=\"elementor-element elementor-element-f6e897c elementor-widget elementor-widget-text-editor\" data-id=\"f6e897c\" data-element_type=\"widget\" data-widget_type=\"text-editor.default\">\n\t\t\t\t<div class=\"elementor-widget-container\">\n\t\t\t\t\t\t\t\t\t<p>Constitu\u00edda pela forma pl\u00e1stica distintiva e necessariamente incomum do produto ou embalagem.<\/p>\t\t\t\t\t\t\t\t<\/div>\n\t\t\t\t<\/div>\n\t\t\t\t\t<\/div>\n\t\t\t\t<\/div>\n\t\t<div class=\"elementor-element elementor-element-5fc9190 e-flex e-con-boxed e-con e-child\" data-id=\"5fc9190\" data-element_type=\"container\">\n\t\t\t\t\t<div class=\"e-con-inner\">\n\t\t\t\t<div class=\"elementor-element elementor-element-b4642d2 elementor-widget elementor-widget-image\" data-id=\"b4642d2\" data-element_type=\"widget\" data-widget_type=\"image.default\">\n\t\t\t\t<div class=\"elementor-widget-container\">\n\t\t\t\t\t\t\t\t\t\t\t\t\t\t\t<img decoding=\"async\" src=\"https:\/\/flipflop.portifoliodomarcelo.com.br\/wp-content\/uploads\/2023\/09\/45.png\" title=\"\" alt=\"\" loading=\"lazy\" \/>\t\t\t\t\t\t\t\t\t\t\t\t\t\t\t<\/div>\n\t\t\t\t<\/div>\n\t\t\t\t\t<\/div>\n\t\t\t\t<\/div>\n\t\t\t\t\t<\/div>\n\t\t\t\t<\/div>\n\t\t<div class=\"elementor-element elementor-element-df93a0e e-flex e-con-boxed e-con e-parent\" data-id=\"df93a0e\" data-element_type=\"container\" data-settings=\"{&quot;background_background&quot;:&quot;classic&quot;}\">\n\t\t\t\t\t<div class=\"e-con-inner\">\n\t\t<div class=\"elementor-element elementor-element-86ff7f7 e-con-full e-flex e-con e-child\" data-id=\"86ff7f7\" data-element_type=\"container\">\n\t\t\t\t<div class=\"elementor-element elementor-element-78f3ec6 elementor-widget elementor-widget-heading\" data-id=\"78f3ec6\" data-element_type=\"widget\" data-widget_type=\"heading.default\">\n\t\t\t\t<div class=\"elementor-widget-container\">\n\t\t\t\t\t<h4 class=\"elementor-heading-title elementor-size-default\">5 Raz\u00f5es para registrar sua marca<\/h4>\t\t\t\t<\/div>\n\t\t\t\t<\/div>\n\t\t<div class=\"elementor-element elementor-element-b839c1f e-con-full e-flex e-con e-child\" data-id=\"b839c1f\" data-element_type=\"container\">\n\t\t<div class=\"elementor-element elementor-element-36bb0f1 e-con-full e-flex e-con e-child\" data-id=\"36bb0f1\" data-element_type=\"container\">\n\t\t\t\t<div class=\"elementor-element elementor-element-0d1dd19 elementor-widget elementor-widget-image\" data-id=\"0d1dd19\" data-element_type=\"widget\" data-widget_type=\"image.default\">\n\t\t\t\t<div class=\"elementor-widget-container\">\n\t\t\t\t\t\t\t\t\t\t\t\t\t\t\t<img fetchpriority=\"high\" decoding=\"async\" width=\"512\" height=\"512\" src=\"https:\/\/flipflopmarcas.com.br\/wp-content\/uploads\/2023\/11\/money-management.png\" class=\"attachment-large size-large wp-image-666\" alt=\"\" srcset=\"https:\/\/flipflopmarcas.com.br\/wp-content\/uploads\/2023\/11\/money-management.png 512w, https:\/\/flipflopmarcas.com.br\/wp-content\/uploads\/2023\/11\/money-management-300x300.png 300w, https:\/\/flipflopmarcas.com.br\/wp-content\/uploads\/2023\/11\/money-management-150x150.png 150w\" sizes=\"(max-width: 512px) 100vw, 512px\" \/>\t\t\t\t\t\t\t\t\t\t\t\t\t\t\t<\/div>\n\t\t\t\t<\/div>\n\t\t\t\t<div class=\"elementor-element elementor-element-8ce65a3 elementor-widget elementor-widget-text-editor\" data-id=\"8ce65a3\" data-element_type=\"widget\" data-widget_type=\"text-editor.default\">\n\t\t\t\t<div class=\"elementor-widget-container\">\n\t\t\t\t\t\t\t\t\t<p>Agregar valor<br \/>ao seu neg\u00f3cio<\/p>\t\t\t\t\t\t\t\t<\/div>\n\t\t\t\t<\/div>\n\t\t\t\t<\/div>\n\t\t<div class=\"elementor-element elementor-element-373f54d e-con-full e-flex e-con e-child\" data-id=\"373f54d\" data-element_type=\"container\">\n\t\t\t\t<div class=\"elementor-element elementor-element-976a11b elementor-widget elementor-widget-image\" data-id=\"976a11b\" data-element_type=\"widget\" data-widget_type=\"image.default\">\n\t\t\t\t<div class=\"elementor-widget-container\">\n\t\t\t\t\t\t\t\t\t\t\t\t\t\t\t<img decoding=\"async\" width=\"512\" height=\"512\" src=\"https:\/\/flipflopmarcas.com.br\/wp-content\/uploads\/2023\/11\/vantagem.png\" class=\"attachment-large size-large wp-image-664\" alt=\"\" srcset=\"https:\/\/flipflopmarcas.com.br\/wp-content\/uploads\/2023\/11\/vantagem.png 512w, https:\/\/flipflopmarcas.com.br\/wp-content\/uploads\/2023\/11\/vantagem-300x300.png 300w, https:\/\/flipflopmarcas.com.br\/wp-content\/uploads\/2023\/11\/vantagem-150x150.png 150w\" sizes=\"(max-width: 512px) 100vw, 512px\" \/>\t\t\t\t\t\t\t\t\t\t\t\t\t\t\t<\/div>\n\t\t\t\t<\/div>\n\t\t\t\t<div class=\"elementor-element elementor-element-fd00e10 elementor-widget elementor-widget-text-editor\" data-id=\"fd00e10\" data-element_type=\"widget\" data-widget_type=\"text-editor.default\">\n\t\t\t\t<div class=\"elementor-widget-container\">\n\t\t\t\t\t\t\t\t\t<p>Manter Vantagem<br \/>Competitiva<\/p>\t\t\t\t\t\t\t\t<\/div>\n\t\t\t\t<\/div>\n\t\t\t\t<\/div>\n\t\t<div class=\"elementor-element elementor-element-5c90c02 e-con-full e-flex e-con e-child\" data-id=\"5c90c02\" data-element_type=\"container\">\n\t\t\t\t<div class=\"elementor-element elementor-element-2502128 elementor-widget elementor-widget-image\" data-id=\"2502128\" data-element_type=\"widget\" data-widget_type=\"image.default\">\n\t\t\t\t<div class=\"elementor-widget-container\">\n\t\t\t\t\t\t\t\t\t\t\t\t\t\t\t<img loading=\"lazy\" decoding=\"async\" width=\"512\" height=\"512\" src=\"https:\/\/flipflopmarcas.com.br\/wp-content\/uploads\/2023\/11\/brasil.png\" class=\"attachment-large size-large wp-image-665\" alt=\"\" srcset=\"https:\/\/flipflopmarcas.com.br\/wp-content\/uploads\/2023\/11\/brasil.png 512w, https:\/\/flipflopmarcas.com.br\/wp-content\/uploads\/2023\/11\/brasil-300x300.png 300w, https:\/\/flipflopmarcas.com.br\/wp-content\/uploads\/2023\/11\/brasil-150x150.png 150w\" sizes=\"(max-width: 512px) 100vw, 512px\" \/>\t\t\t\t\t\t\t\t\t\t\t\t\t\t\t<\/div>\n\t\t\t\t<\/div>\n\t\t\t\t<div class=\"elementor-element elementor-element-197925a elementor-widget elementor-widget-text-editor\" data-id=\"197925a\" data-element_type=\"widget\" data-widget_type=\"text-editor.default\">\n\t\t\t\t<div class=\"elementor-widget-container\">\n\t\t\t\t\t\t\t\t\t<p>Garantir<br \/>exclusividade<br \/>em todo<br \/>territ\u00f3rio nacional<\/p>\t\t\t\t\t\t\t\t<\/div>\n\t\t\t\t<\/div>\n\t\t\t\t<\/div>\n\t\t<div class=\"elementor-element elementor-element-2626c87 e-con-full e-flex e-con e-child\" data-id=\"2626c87\" data-element_type=\"container\">\n\t\t\t\t<div class=\"elementor-element elementor-element-7465790 elementor-widget elementor-widget-image\" data-id=\"7465790\" data-element_type=\"widget\" data-widget_type=\"image.default\">\n\t\t\t\t<div class=\"elementor-widget-container\">\n\t\t\t\t\t\t\t\t\t\t\t\t\t\t\t<img loading=\"lazy\" decoding=\"async\" width=\"512\" height=\"512\" src=\"https:\/\/flipflopmarcas.com.br\/wp-content\/uploads\/2023\/11\/blindado.png\" class=\"attachment-large size-large wp-image-667\" alt=\"\" srcset=\"https:\/\/flipflopmarcas.com.br\/wp-content\/uploads\/2023\/11\/blindado.png 512w, https:\/\/flipflopmarcas.com.br\/wp-content\/uploads\/2023\/11\/blindado-300x300.png 300w, https:\/\/flipflopmarcas.com.br\/wp-content\/uploads\/2023\/11\/blindado-150x150.png 150w\" sizes=\"(max-width: 512px) 100vw, 512px\" \/>\t\t\t\t\t\t\t\t\t\t\t\t\t\t\t<\/div>\n\t\t\t\t<\/div>\n\t\t\t\t<div class=\"elementor-element elementor-element-b6e17be elementor-widget elementor-widget-text-editor\" data-id=\"b6e17be\" data-element_type=\"widget\" data-widget_type=\"text-editor.default\">\n\t\t\t\t<div class=\"elementor-widget-container\">\n\t\t\t\t\t\t\t\t\t<p>Blindar<br \/>investimentos<\/p>\t\t\t\t\t\t\t\t<\/div>\n\t\t\t\t<\/div>\n\t\t\t\t<\/div>\n\t\t<div class=\"elementor-element elementor-element-0c57a43 e-con-full e-flex e-con e-child\" data-id=\"0c57a43\" data-element_type=\"container\">\n\t\t\t\t<div class=\"elementor-element elementor-element-3837ca3 elementor-widget elementor-widget-image\" data-id=\"3837ca3\" data-element_type=\"widget\" data-widget_type=\"image.default\">\n\t\t\t\t<div class=\"elementor-widget-container\">\n\t\t\t\t\t\t\t\t\t\t\t\t\t\t\t<img loading=\"lazy\" decoding=\"async\" width=\"512\" height=\"512\" src=\"https:\/\/flipflopmarcas.com.br\/wp-content\/uploads\/2023\/11\/titulo.png\" class=\"attachment-large size-large wp-image-668\" alt=\"\" srcset=\"https:\/\/flipflopmarcas.com.br\/wp-content\/uploads\/2023\/11\/titulo.png 512w, https:\/\/flipflopmarcas.com.br\/wp-content\/uploads\/2023\/11\/titulo-300x300.png 300w, https:\/\/flipflopmarcas.com.br\/wp-content\/uploads\/2023\/11\/titulo-150x150.png 150w\" sizes=\"(max-width: 512px) 100vw, 512px\" \/>\t\t\t\t\t\t\t\t\t\t\t\t\t\t\t<\/div>\n\t\t\t\t<\/div>\n\t\t\t\t<div class=\"elementor-element elementor-element-2b1177a elementor-widget elementor-widget-text-editor\" data-id=\"2b1177a\" data-element_type=\"widget\" data-widget_type=\"text-editor.default\">\n\t\t\t\t<div class=\"elementor-widget-container\">\n\t\t\t\t\t\t\t\t\t<p>Ter a titularidade<br \/>legal de suas<br \/>cria\u00e7\u00f5es intelectuais<\/p>\t\t\t\t\t\t\t\t<\/div>\n\t\t\t\t<\/div>\n\t\t\t\t<\/div>\n\t\t\t\t<\/div>\n\t\t\t\t<\/div>\n\t\t\t\t\t<\/div>\n\t\t\t\t<\/div>\n\t\t\t\t<\/div>\n\t\t","protected":false},"excerpt":{"rendered":"<p>FLIP FLOP MARCAS Servi\u00e7os Registro de Marcas no INPI O registro de marcas no INPI \u00e9 a prote\u00e7\u00e3o legal de s\u00edmbolos que identificam produtos ou servi\u00e7os, prevenindo uso n\u00e3o autorizado e garantindo exclusividade. Sobre nosso servi\u00e7o Nome, express\u00e3o, forma gr\u00e1fica, que individualiza e identifica uma empresa, um produto ou uma linha de produtos. A marca [&hellip;]<\/p>\n","protected":false},"author":1,"featured_media":0,"parent":0,"menu_order":0,"comment_status":"closed","ping_status":"closed","template":"","meta":{"om_disable_all_campaigns":false,"_monsterinsights_skip_tracking":false,"_monsterinsights_sitenote_active":false,"_monsterinsights_sitenote_note":"","_monsterinsights_sitenote_category":0,"site-sidebar-layout":"no-sidebar","site-content-layout":"","ast-site-content-layout":"full-width-container","site-content-style":"default","site-sidebar-style":"default","ast-global-header-display":"","ast-banner-title-visibility":"","ast-main-header-display":"","ast-hfb-above-header-display":"","ast-hfb-below-header-display":"","ast-hfb-mobile-header-display":"","site-post-title":"disabled","ast-breadcrumbs-content":"","ast-featured-img":"disabled","footer-sml-layout":"","theme-transparent-header-meta":"","adv-header-id-meta":"","stick-header-meta":"","header-above-stick-meta":"","header-main-stick-meta":"","header-below-stick-meta":"","astra-migrate-meta-layouts":"default","ast-page-background-enabled":"default","ast-page-background-meta":{"desktop":{"background-color":"var(--ast-global-color-4)","background-image":"","background-repeat":"repeat","background-position":"center center","background-size":"auto","background-attachment":"scroll","background-type":"","background-media":"","overlay-type":"","overlay-color":"","overlay-opacity":"","overlay-gradient":""},"tablet":{"background-color":"","background-image":"","background-repeat":"repeat","background-position":"center center","background-size":"auto","background-attachment":"scroll","background-type":"","background-media":"","overlay-type":"","overlay-color":"","overlay-opacity":"","overlay-gradient":""},"mobile":{"background-color":"","background-image":"","background-repeat":"repeat","background-position":"center center","background-size":"auto","background-attachment":"scroll","background-type":"","background-media":"","overlay-type":"","overlay-color":"","overlay-opacity":"","overlay-gradient":""}},"ast-content-background-meta":{"desktop":{"background-color":"var(--ast-global-color-5)","background-image":"","background-repeat":"repeat","background-position":"center center","background-size":"auto","background-attachment":"scroll","background-type":"","background-media":"","overlay-type":"","overlay-color":"","overlay-opacity":"","overlay-gradient":""},"tablet":{"background-color":"var(--ast-global-color-5)","background-image":"","background-repeat":"repeat","background-position":"center center","background-size":"auto","background-attachment":"scroll","background-type":"","background-media":"","overlay-type":"","overlay-color":"","overlay-opacity":"","overlay-gradient":""},"mobile":{"background-color":"var(--ast-global-color-5)","background-image":"","background-repeat":"repeat","background-position":"center center","background-size":"auto","background-attachment":"scroll","background-type":"","background-media":"","overlay-type":"","overlay-color":"","overlay-opacity":"","overlay-gradient":""}},"footnotes":""},"aioseo_notices":[],"_links":{"self":[{"href":"https:\/\/flipflopmarcas.com.br\/index.php?rest_route=\/wp\/v2\/pages\/385"}],"collection":[{"href":"https:\/\/flipflopmarcas.com.br\/index.php?rest_route=\/wp\/v2\/pages"}],"about":[{"href":"https:\/\/flipflopmarcas.com.br\/index.php?rest_route=\/wp\/v2\/types\/page"}],"author":[{"embeddable":true,"href":"https:\/\/flipflopmarcas.com.br\/index.php?rest_route=\/wp\/v2\/users\/1"}],"replies":[{"embeddable":true,"href":"https:\/\/flipflopmarcas.com.br\/index.php?rest_route=%2Fwp%2Fv2%2Fcomments&post=385"}],"version-history":[{"count":9,"href":"https:\/\/flipflopmarcas.com.br\/index.php?rest_route=\/wp\/v2\/pages\/385\/revisions"}],"predecessor-version":[{"id":671,"href":"https:\/\/flipflopmarcas.com.br\/index.php?rest_route=\/wp\/v2\/pages\/385\/revisions\/671"}],"wp:attachment":[{"href":"https:\/\/flipflopmarcas.com.br\/index.php?rest_route=%2Fwp%2Fv2%2Fmedia&parent=385"}],"curies":[{"name":"wp","href":"https:\/\/api.w.org\/{rel}","templated":true}]}}