{"id":386,"date":"2023-09-01T18:36:38","date_gmt":"2023-09-01T18:36:38","guid":{"rendered":"https:\/\/flipflop.portifoliodomarcelo.com.br\/?page_id=152"},"modified":"2023-10-05T21:32:44","modified_gmt":"2023-10-06T00:32:44","slug":"registro","status":"publish","type":"page","link":"https:\/\/flipflopmarcas.com.br\/?page_id=386","title":{"rendered":"Registro"},"content":{"rendered":"\t\t<div data-elementor-type=\"wp-page\" data-elementor-id=\"386\" class=\"elementor elementor-386\" data-elementor-post-type=\"page\">\n\t\t\t\t<div class=\"elementor-element elementor-element-a27b3b7 e-flex e-con-boxed e-con e-parent\" data-id=\"a27b3b7\" data-element_type=\"container\" data-settings=\"{&quot;background_background&quot;:&quot;classic&quot;}\">\n\t\t\t\t\t<div class=\"e-con-inner\">\n\t\t<div class=\"elementor-element elementor-element-7903730 e-con-full e-flex e-con e-child\" data-id=\"7903730\" data-element_type=\"container\">\n\t\t\t\t<div class=\"elementor-element elementor-element-1a11f88 elementor-widget elementor-widget-text-editor\" data-id=\"1a11f88\" data-element_type=\"widget\" data-widget_type=\"text-editor.default\">\n\t\t\t\t<div class=\"elementor-widget-container\">\n\t\t\t\t\t\t\t\t\t<p>1 passo:<\/p>\t\t\t\t\t\t\t\t<\/div>\n\t\t\t\t<\/div>\n\t\t\t\t<div class=\"elementor-element elementor-element-def54d1 elementor-widget elementor-widget-heading\" data-id=\"def54d1\" data-element_type=\"widget\" data-widget_type=\"heading.default\">\n\t\t\t\t<div class=\"elementor-widget-container\">\n\t\t\t\t\t<h1 class=\"elementor-heading-title elementor-size-default\">Fazer uma busca\npr\u00e9via da marca<\/h1>\t\t\t\t<\/div>\n\t\t\t\t<\/div>\n\t\t\t\t<div class=\"elementor-element elementor-element-d5ab3a5 elementor-widget elementor-widget-text-editor\" data-id=\"d5ab3a5\" data-element_type=\"widget\" data-widget_type=\"text-editor.default\">\n\t\t\t\t<div class=\"elementor-widget-container\">\n\t\t\t\t\t\t\t\t\t<p>precisamos verificar a viabilidade de<br \/>registro de sua marca.<\/p>\t\t\t\t\t\t\t\t<\/div>\n\t\t\t\t<\/div>\n\t\t\t\t<\/div>\n\t\t<div class=\"elementor-element elementor-element-531bc02 e-con-full elementor-hidden-mobile e-flex e-con e-child\" data-id=\"531bc02\" data-element_type=\"container\">\n\t\t\t\t<div class=\"elementor-element elementor-element-5d93e6b elementor-widget elementor-widget-text-editor\" data-id=\"5d93e6b\" data-element_type=\"widget\" data-widget_type=\"text-editor.default\">\n\t\t\t\t<div class=\"elementor-widget-container\">\n\t\t\t\t\t\t\t\t\t<p><strong>1<\/strong><\/p><p>2<\/p><p>3<\/p><p>4<\/p>\t\t\t\t\t\t\t\t<\/div>\n\t\t\t\t<\/div>\n\t\t\t\t<\/div>\n\t\t<div class=\"elementor-element elementor-element-03fe842 e-con-full e-flex e-con e-child\" data-id=\"03fe842\" data-element_type=\"container\">\n\t\t\t\t<div class=\"elementor-element elementor-element-3fa0579 elementor-widget elementor-widget-image\" data-id=\"3fa0579\" data-element_type=\"widget\" data-widget_type=\"image.default\">\n\t\t\t\t<div class=\"elementor-widget-container\">\n\t\t\t\t\t\t\t\t\t\t\t\t\t\t\t<img fetchpriority=\"high\" decoding=\"async\" width=\"1024\" height=\"1024\" src=\"https:\/\/flipflopmarcas.com.br\/wp-content\/uploads\/2023\/09\/busca-inpi-1024x1024.png\" class=\"attachment-large size-large wp-image-318\" alt=\"\" srcset=\"https:\/\/flipflopmarcas.com.br\/wp-content\/uploads\/2023\/09\/busca-inpi-1024x1024.png 1024w, https:\/\/flipflopmarcas.com.br\/wp-content\/uploads\/2023\/09\/busca-inpi-300x300.png 300w, https:\/\/flipflopmarcas.com.br\/wp-content\/uploads\/2023\/09\/busca-inpi-150x150.png 150w, https:\/\/flipflopmarcas.com.br\/wp-content\/uploads\/2023\/09\/busca-inpi-768x768.png 768w, https:\/\/flipflopmarcas.com.br\/wp-content\/uploads\/2023\/09\/busca-inpi.png 1080w\" sizes=\"(max-width: 1024px) 100vw, 1024px\" \/>\t\t\t\t\t\t\t\t\t\t\t\t\t\t\t<\/div>\n\t\t\t\t<\/div>\n\t\t\t\t<\/div>\n\t\t\t\t\t<\/div>\n\t\t\t\t<\/div>\n\t\t<div class=\"elementor-element elementor-element-8c40fd6 e-flex e-con-boxed e-con e-parent\" data-id=\"8c40fd6\" data-element_type=\"container\" data-settings=\"{&quot;background_background&quot;:&quot;classic&quot;}\">\n\t\t\t\t\t<div class=\"e-con-inner\">\n\t\t<div class=\"elementor-element elementor-element-15b913b e-con-full e-flex e-con e-child\" data-id=\"15b913b\" data-element_type=\"container\">\n\t\t\t\t<div class=\"elementor-element elementor-element-b5dc42c elementor-widget elementor-widget-image\" data-id=\"b5dc42c\" data-element_type=\"widget\" data-widget_type=\"image.default\">\n\t\t\t\t<div class=\"elementor-widget-container\">\n\t\t\t\t\t\t\t\t\t\t\t\t\t\t\t<img decoding=\"async\" width=\"1024\" height=\"1024\" src=\"https:\/\/flipflopmarcas.com.br\/wp-content\/uploads\/2023\/09\/natureza-da-marca-1024x1024.png\" class=\"attachment-large size-large wp-image-321\" alt=\"\" srcset=\"https:\/\/flipflopmarcas.com.br\/wp-content\/uploads\/2023\/09\/natureza-da-marca-1024x1024.png 1024w, https:\/\/flipflopmarcas.com.br\/wp-content\/uploads\/2023\/09\/natureza-da-marca-300x300.png 300w, https:\/\/flipflopmarcas.com.br\/wp-content\/uploads\/2023\/09\/natureza-da-marca-150x150.png 150w, https:\/\/flipflopmarcas.com.br\/wp-content\/uploads\/2023\/09\/natureza-da-marca-768x768.png 768w, https:\/\/flipflopmarcas.com.br\/wp-content\/uploads\/2023\/09\/natureza-da-marca.png 1080w\" sizes=\"(max-width: 1024px) 100vw, 1024px\" \/>\t\t\t\t\t\t\t\t\t\t\t\t\t\t\t<\/div>\n\t\t\t\t<\/div>\n\t\t\t\t<\/div>\n\t\t<div class=\"elementor-element elementor-element-0050f0f e-con-full elementor-hidden-mobile e-flex e-con e-child\" data-id=\"0050f0f\" data-element_type=\"container\">\n\t\t\t\t<div class=\"elementor-element elementor-element-9e406cf elementor-widget elementor-widget-text-editor\" data-id=\"9e406cf\" data-element_type=\"widget\" data-widget_type=\"text-editor.default\">\n\t\t\t\t<div class=\"elementor-widget-container\">\n\t\t\t\t\t\t\t\t\t<p>1<\/p><p><strong>2<\/strong><\/p><p>3<\/p><p>4<\/p>\t\t\t\t\t\t\t\t<\/div>\n\t\t\t\t<\/div>\n\t\t\t\t<\/div>\n\t\t<div class=\"elementor-element elementor-element-5402215 e-con-full e-flex e-con e-child\" data-id=\"5402215\" data-element_type=\"container\">\n\t\t\t\t<div class=\"elementor-element elementor-element-b1f352d elementor-widget elementor-widget-text-editor\" data-id=\"b1f352d\" data-element_type=\"widget\" data-widget_type=\"text-editor.default\">\n\t\t\t\t<div class=\"elementor-widget-container\">\n\t\t\t\t\t\t\t\t\t<p>2 passo:<\/p>\t\t\t\t\t\t\t\t<\/div>\n\t\t\t\t<\/div>\n\t\t\t\t<div class=\"elementor-element elementor-element-02d66fc elementor-widget elementor-widget-heading\" data-id=\"02d66fc\" data-element_type=\"widget\" data-widget_type=\"heading.default\">\n\t\t\t\t<div class=\"elementor-widget-container\">\n\t\t\t\t\t<h5 class=\"elementor-heading-title elementor-size-default\">Coleta de documentos<\/h5>\t\t\t\t<\/div>\n\t\t\t\t<\/div>\n\t\t\t\t<div class=\"elementor-element elementor-element-cd9fc6f elementor-widget elementor-widget-text-editor\" data-id=\"cd9fc6f\" data-element_type=\"widget\" data-widget_type=\"text-editor.default\">\n\t\t\t\t<div class=\"elementor-widget-container\">\n\t\t\t\t\t\t\t\t\t<p>Essa \u00e9 a etapa em que \u00e9 coletado os documentos necess\u00e1rios, como a procura\u00e7\u00e3o, o contrato social ou comprovante profissional, al\u00e9m de seu logotipo.<\/p>\t\t\t\t\t\t\t\t<\/div>\n\t\t\t\t<\/div>\n\t\t\t\t<\/div>\n\t\t\t\t\t<\/div>\n\t\t\t\t<\/div>\n\t\t<div class=\"elementor-element elementor-element-41bc52f e-flex e-con-boxed e-con e-parent\" data-id=\"41bc52f\" data-element_type=\"container\" data-settings=\"{&quot;background_background&quot;:&quot;classic&quot;}\">\n\t\t\t\t\t<div class=\"e-con-inner\">\n\t\t<div class=\"elementor-element elementor-element-b799e1b e-con-full e-flex e-con e-child\" data-id=\"b799e1b\" data-element_type=\"container\">\n\t\t\t\t<div class=\"elementor-element elementor-element-b1edb28 elementor-widget elementor-widget-text-editor\" data-id=\"b1edb28\" data-element_type=\"widget\" data-widget_type=\"text-editor.default\">\n\t\t\t\t<div class=\"elementor-widget-container\">\n\t\t\t\t\t\t\t\t\t<p>3 passo:<\/p>\t\t\t\t\t\t\t\t<\/div>\n\t\t\t\t<\/div>\n\t\t\t\t<div class=\"elementor-element elementor-element-c218618 elementor-widget elementor-widget-heading\" data-id=\"c218618\" data-element_type=\"widget\" data-widget_type=\"heading.default\">\n\t\t\t\t<div class=\"elementor-widget-container\">\n\t\t\t\t\t<h5 class=\"elementor-heading-title elementor-size-default\">Protocola\u00e7\u00e3o do pedido de registro<\/h5>\t\t\t\t<\/div>\n\t\t\t\t<\/div>\n\t\t\t\t<div class=\"elementor-element elementor-element-0732dee elementor-widget elementor-widget-text-editor\" data-id=\"0732dee\" data-element_type=\"widget\" data-widget_type=\"text-editor.default\">\n\t\t\t\t<div class=\"elementor-widget-container\">\n\t\t\t\t\t\t\t\t\t<p>Iniciando o registro da marca, a Flip Flop Marcas preenche o formul\u00e1rio do INPI com os dados da marca e j\u00e1 envia o logotipo e os documentos necess\u00e1rios.<\/p>\t\t\t\t\t\t\t\t<\/div>\n\t\t\t\t<\/div>\n\t\t\t\t<\/div>\n\t\t<div class=\"elementor-element elementor-element-86f0e39 e-con-full elementor-hidden-mobile e-flex e-con e-child\" data-id=\"86f0e39\" data-element_type=\"container\">\n\t\t\t\t<div class=\"elementor-element elementor-element-9bc3cad elementor-widget elementor-widget-text-editor\" data-id=\"9bc3cad\" data-element_type=\"widget\" data-widget_type=\"text-editor.default\">\n\t\t\t\t<div class=\"elementor-widget-container\">\n\t\t\t\t\t\t\t\t\t<p>1<\/p><p>2<\/p><p><strong>3<\/strong><\/p><p>4<\/p>\t\t\t\t\t\t\t\t<\/div>\n\t\t\t\t<\/div>\n\t\t\t\t<\/div>\n\t\t<div class=\"elementor-element elementor-element-aa59fed e-con-full e-flex e-con e-child\" data-id=\"aa59fed\" data-element_type=\"container\">\n\t\t\t\t<div class=\"elementor-element elementor-element-824ab59 elementor-widget elementor-widget-image\" data-id=\"824ab59\" data-element_type=\"widget\" data-widget_type=\"image.default\">\n\t\t\t\t<div class=\"elementor-widget-container\">\n\t\t\t\t\t\t\t\t\t\t\t\t\t\t\t<img decoding=\"async\" width=\"1024\" height=\"1024\" src=\"https:\/\/flipflopmarcas.com.br\/wp-content\/uploads\/2023\/09\/apreseta-marca-1024x1024.png\" class=\"attachment-large size-large wp-image-322\" alt=\"\" srcset=\"https:\/\/flipflopmarcas.com.br\/wp-content\/uploads\/2023\/09\/apreseta-marca-1024x1024.png 1024w, https:\/\/flipflopmarcas.com.br\/wp-content\/uploads\/2023\/09\/apreseta-marca-300x300.png 300w, https:\/\/flipflopmarcas.com.br\/wp-content\/uploads\/2023\/09\/apreseta-marca-150x150.png 150w, https:\/\/flipflopmarcas.com.br\/wp-content\/uploads\/2023\/09\/apreseta-marca-768x768.png 768w, https:\/\/flipflopmarcas.com.br\/wp-content\/uploads\/2023\/09\/apreseta-marca.png 1080w\" sizes=\"(max-width: 1024px) 100vw, 1024px\" \/>\t\t\t\t\t\t\t\t\t\t\t\t\t\t\t<\/div>\n\t\t\t\t<\/div>\n\t\t\t\t<\/div>\n\t\t\t\t\t<\/div>\n\t\t\t\t<\/div>\n\t\t<div class=\"elementor-element elementor-element-d516b9c e-flex e-con-boxed e-con e-parent\" data-id=\"d516b9c\" data-element_type=\"container\" data-settings=\"{&quot;background_background&quot;:&quot;classic&quot;}\">\n\t\t\t\t\t<div class=\"e-con-inner\">\n\t\t<div class=\"elementor-element elementor-element-be5fae9 e-con-full e-flex e-con e-child\" data-id=\"be5fae9\" data-element_type=\"container\">\n\t\t\t\t<div class=\"elementor-element elementor-element-545d519 elementor-widget elementor-widget-image\" data-id=\"545d519\" data-element_type=\"widget\" data-widget_type=\"image.default\">\n\t\t\t\t<div class=\"elementor-widget-container\">\n\t\t\t\t\t\t\t\t\t\t\t\t\t\t\t<img loading=\"lazy\" decoding=\"async\" width=\"1024\" height=\"1024\" src=\"https:\/\/flipflopmarcas.com.br\/wp-content\/uploads\/2023\/09\/gru-inpi-1024x1024.png\" class=\"attachment-large size-large wp-image-319\" alt=\"\" srcset=\"https:\/\/flipflopmarcas.com.br\/wp-content\/uploads\/2023\/09\/gru-inpi-1024x1024.png 1024w, https:\/\/flipflopmarcas.com.br\/wp-content\/uploads\/2023\/09\/gru-inpi-300x300.png 300w, https:\/\/flipflopmarcas.com.br\/wp-content\/uploads\/2023\/09\/gru-inpi-150x150.png 150w, https:\/\/flipflopmarcas.com.br\/wp-content\/uploads\/2023\/09\/gru-inpi-768x768.png 768w, https:\/\/flipflopmarcas.com.br\/wp-content\/uploads\/2023\/09\/gru-inpi.png 1080w\" sizes=\"(max-width: 1024px) 100vw, 1024px\" \/>\t\t\t\t\t\t\t\t\t\t\t\t\t\t\t<\/div>\n\t\t\t\t<\/div>\n\t\t\t\t<\/div>\n\t\t<div class=\"elementor-element elementor-element-281676b e-con-full elementor-hidden-mobile e-flex e-con e-child\" data-id=\"281676b\" data-element_type=\"container\">\n\t\t\t\t<div class=\"elementor-element elementor-element-5ed28d9 elementor-widget elementor-widget-text-editor\" data-id=\"5ed28d9\" data-element_type=\"widget\" data-widget_type=\"text-editor.default\">\n\t\t\t\t<div class=\"elementor-widget-container\">\n\t\t\t\t\t\t\t\t\t<p>1<\/p><p>2<\/p><p>3<\/p><p><strong>4<\/strong><\/p>\t\t\t\t\t\t\t\t<\/div>\n\t\t\t\t<\/div>\n\t\t\t\t<\/div>\n\t\t<div class=\"elementor-element elementor-element-02a9e89 e-con-full e-flex e-con e-child\" data-id=\"02a9e89\" data-element_type=\"container\">\n\t\t\t\t<div class=\"elementor-element elementor-element-3aaacdd elementor-widget elementor-widget-text-editor\" data-id=\"3aaacdd\" data-element_type=\"widget\" data-widget_type=\"text-editor.default\">\n\t\t\t\t<div class=\"elementor-widget-container\">\n\t\t\t\t\t\t\t\t\t<p>4 passo:<\/p>\t\t\t\t\t\t\t\t<\/div>\n\t\t\t\t<\/div>\n\t\t\t\t<div class=\"elementor-element elementor-element-641286b elementor-widget elementor-widget-heading\" data-id=\"641286b\" data-element_type=\"widget\" data-widget_type=\"heading.default\">\n\t\t\t\t<div class=\"elementor-widget-container\">\n\t\t\t\t\t<h4 class=\"elementor-heading-title elementor-size-default\">Acompanhamento do processo<\/h4>\t\t\t\t<\/div>\n\t\t\t\t<\/div>\n\t\t\t\t<div class=\"elementor-element elementor-element-91ebb59 elementor-widget elementor-widget-text-editor\" data-id=\"91ebb59\" data-element_type=\"widget\" data-widget_type=\"text-editor.default\">\n\t\t\t\t<div class=\"elementor-widget-container\">\n\t\t\t\t\t\t\t\t\t<p>Por fim n\u00f3s acompanhamos de perto todo o processo de registro da sua marca e te notificamos a cada not\u00edcia nova, enquanto tudo isso acontece voc\u00ea fica focado em expandir seu neg\u00f3cio.<\/p>\t\t\t\t\t\t\t\t<\/div>\n\t\t\t\t<\/div>\n\t\t\t\t<div class=\"elementor-element elementor-element-6a0e95d elementor-align-left elementor-widget elementor-widget-button\" data-id=\"6a0e95d\" data-element_type=\"widget\" data-widget_type=\"button.default\">\n\t\t\t\t<div class=\"elementor-widget-container\">\n\t\t\t\t\t\t\t\t\t<div class=\"elementor-button-wrapper\">\n\t\t\t\t\t<a class=\"elementor-button elementor-button-link elementor-size-sm\" href=\"https:\/\/flipflopmarcas.com.br\/index.php\/contato\/\">\n\t\t\t\t\t\t<span class=\"elementor-button-content-wrapper\">\n\t\t\t\t\t\t\t\t\t<span class=\"elementor-button-text\">FALE COM UM ESPECIALISTA<\/span>\n\t\t\t\t\t<\/span>\n\t\t\t\t\t<\/a>\n\t\t\t\t<\/div>\n\t\t\t\t\t\t\t\t<\/div>\n\t\t\t\t<\/div>\n\t\t\t\t<\/div>\n\t\t\t\t\t<\/div>\n\t\t\t\t<\/div>\n\t\t\t\t<\/div>\n\t\t","protected":false},"excerpt":{"rendered":"<p>1 passo: Fazer uma busca pr\u00e9via da marca precisamos verificar a viabilidade deregistro de sua marca. 1 2 3 4 1 2 3 4 2 passo: Coleta de documentos Essa \u00e9 a etapa em que \u00e9 coletado os documentos necess\u00e1rios, como a procura\u00e7\u00e3o, o contrato social ou comprovante profissional, al\u00e9m de seu logotipo. 3 passo: [&hellip;]<\/p>\n","protected":false},"author":1,"featured_media":0,"parent":0,"menu_order":0,"comment_status":"closed","ping_status":"closed","template":"","meta":{"om_disable_all_campaigns":false,"_monsterinsights_skip_tracking":false,"_monsterinsights_sitenote_active":false,"_monsterinsights_sitenote_note":"","_monsterinsights_sitenote_category":0,"site-sidebar-layout":"no-sidebar","site-content-layout":"","ast-site-content-layout":"full-width-container","site-content-style":"default","site-sidebar-style":"default","ast-global-header-display":"","ast-banner-title-visibility":"","ast-main-header-display":"","ast-hfb-above-header-display":"","ast-hfb-below-header-display":"","ast-hfb-mobile-header-display":"","site-post-title":"disabled","ast-breadcrumbs-content":"","ast-featured-img":"disabled","footer-sml-layout":"","theme-transparent-header-meta":"","adv-header-id-meta":"","stick-header-meta":"","header-above-stick-meta":"","header-main-stick-meta":"","header-below-stick-meta":"","astra-migrate-meta-layouts":"default","ast-page-background-enabled":"default","ast-page-background-meta":{"desktop":{"background-color":"var(--ast-global-color-4)","background-image":"","background-repeat":"repeat","background-position":"center center","background-size":"auto","background-attachment":"scroll","background-type":"","background-media":"","overlay-type":"","overlay-color":"","overlay-opacity":"","overlay-gradient":""},"tablet":{"background-color":"","background-image":"","background-repeat":"repeat","background-position":"center center","background-size":"auto","background-attachment":"scroll","background-type":"","background-media":"","overlay-type":"","overlay-color":"","overlay-opacity":"","overlay-gradient":""},"mobile":{"background-color":"","background-image":"","background-repeat":"repeat","background-position":"center center","background-size":"auto","background-attachment":"scroll","background-type":"","background-media":"","overlay-type":"","overlay-color":"","overlay-opacity":"","overlay-gradient":""}},"ast-content-background-meta":{"desktop":{"background-color":"var(--ast-global-color-5)","background-image":"","background-repeat":"repeat","background-position":"center center","background-size":"auto","background-attachment":"scroll","background-type":"","background-media":"","overlay-type":"","overlay-color":"","overlay-opacity":"","overlay-gradient":""},"tablet":{"background-color":"var(--ast-global-color-5)","background-image":"","background-repeat":"repeat","background-position":"center center","background-size":"auto","background-attachment":"scroll","background-type":"","background-media":"","overlay-type":"","overlay-color":"","overlay-opacity":"","overlay-gradient":""},"mobile":{"background-color":"var(--ast-global-color-5)","background-image":"","background-repeat":"repeat","background-position":"center center","background-size":"auto","background-attachment":"scroll","background-type":"","background-media":"","overlay-type":"","overlay-color":"","overlay-opacity":"","overlay-gradient":""}},"footnotes":""},"aioseo_notices":[],"_links":{"self":[{"href":"https:\/\/flipflopmarcas.com.br\/index.php?rest_route=\/wp\/v2\/pages\/386"}],"collection":[{"href":"https:\/\/flipflopmarcas.com.br\/index.php?rest_route=\/wp\/v2\/pages"}],"about":[{"href":"https:\/\/flipflopmarcas.com.br\/index.php?rest_route=\/wp\/v2\/types\/page"}],"author":[{"embeddable":true,"href":"https:\/\/flipflopmarcas.com.br\/index.php?rest_route=\/wp\/v2\/users\/1"}],"replies":[{"embeddable":true,"href":"https:\/\/flipflopmarcas.com.br\/index.php?rest_route=%2Fwp%2Fv2%2Fcomments&post=386"}],"version-history":[{"count":15,"href":"https:\/\/flipflopmarcas.com.br\/index.php?rest_route=\/wp\/v2\/pages\/386\/revisions"}],"predecessor-version":[{"id":637,"href":"https:\/\/flipflopmarcas.com.br\/index.php?rest_route=\/wp\/v2\/pages\/386\/revisions\/637"}],"wp:attachment":[{"href":"https:\/\/flipflopmarcas.com.br\/index.php?rest_route=%2Fwp%2Fv2%2Fmedia&parent=386"}],"curies":[{"name":"wp","href":"https:\/\/api.w.org\/{rel}","templated":true}]}}